{"id":150,"date":"2024-10-09T15:08:29","date_gmt":"2024-10-09T15:08:29","guid":{"rendered":"https:\/\/montedasruivinhas.com\/?page_id=150"},"modified":"2024-10-09T15:37:31","modified_gmt":"2024-10-09T15:37:31","slug":"politica-de-cookies","status":"publish","type":"page","link":"https:\/\/montedasruivinhas.com\/index.php\/politica-de-cookies\/","title":{"rendered":"Pol\u00edtica de Cookies"},"content":{"rendered":"<section class=\"l-section wpb_row height_custom\"><div class=\"l-section-h i-cf\"><div class=\"g-cols vc_row via_grid cols_1 laptops-cols_inherit tablets-cols_inherit mobiles-cols_1 valign_top type_default stacking_default\"><div class=\"wpb_column vc_column_container\"><div class=\"vc_column-inner\"><div class=\"wpb_text_column\"><div class=\"wpb_wrapper\"><h1 class=\"cookie-policy-h1\">Pol\u00edtica de Cookies<\/h1>\n<\/div><\/div><div class=\"w-separator size_medium\"><\/div><div class=\"wpb_text_column\"><div class=\"wpb_wrapper\"><p>Data de vig\u00eancia: 09-Out-2024<br \/>\u00daltima atualiza\u00e7\u00e3o: 09-Out-2024<\/p>\n<p><strong>O que s\u00e3o cookies?<\/strong><\/p>\n<div class=\"cookie-policy-p\">\n<p>Esta Pol\u00edtica de Cookies explica o que s\u00e3o cookies e como os utilizamos, os tipos de cookies que utilizamos, ou seja, as informa\u00e7\u00f5es que recolhemos utilizando cookies e como essas informa\u00e7\u00f5es s\u00e3o utilizadas, e como gerir as defini\u00e7\u00f5es de cookies.<\/p>\n<p>Os cookies s\u00e3o pequenos ficheiros de texto que s\u00e3o utilizados para armazenar pequenas informa\u00e7\u00f5es. S\u00e3o armazenados no seu dispositivo quando o s\u00edtio Web \u00e9 carregado no seu navegador. Estes cookies ajudam-nos a fazer com que o s\u00edtio Web funcione corretamente, a torn\u00e1-lo mais seguro, a proporcionar uma melhor experi\u00eancia ao utilizador e a compreender o desempenho do s\u00edtio Web, bem como a analisar o que funciona e onde \u00e9 necess\u00e1rio melhorar.<\/p>\n<p><strong>Como \u00e9 que utilizamos os cookies?<\/strong><\/p>\n<p>Tal como a maioria dos servi\u00e7os em linha, o nosso s\u00edtio Web utiliza cookies pr\u00f3prios e de terceiros para diversos fins. Os cookies pr\u00f3prios s\u00e3o necess\u00e1rios, na sua maioria, para que o s\u00edtio Web funcione corretamente e n\u00e3o recolhem quaisquer dados pessoais identific\u00e1veis do utilizador.<\/p>\n<\/div>\n<div class=\"cookie-policy-p\">\n<p>Os cookies de terceiros utilizados no nosso s\u00edtio Web destinam-se principalmente a compreender o desempenho do s\u00edtio Web, a forma como interage com o nosso s\u00edtio Web, a manter os nossos servi\u00e7os seguros, a fornecer an\u00fancios que sejam relevantes para si e, em suma, a proporcionar-lhe uma experi\u00eancia de utilizador melhor e mais aperfei\u00e7oada e a ajudar a acelerar as suas futuras intera\u00e7\u00f5es com o nosso s\u00edtio Web.<\/p>\n<p><strong><br \/>Tipos de cookies que utilizamos<\/strong><\/p>\n<\/div>\n<div class=\"cky-audit-table-element\">\u00a0<\/div>\n<p>\u00a0<\/p>\n<p><strong>Gerir as prefer\u00eancias de cookies<\/strong><\/p>\n<p><a class=\"cky-banner-element\">Defini\u00e7\u00f5es de Cookies<\/a><\/p>\n<div>\n<p>Pode alterar as suas prefer\u00eancias de cookies em qualquer altura, clicando no bot\u00e3o acima. Isto permitir-lhe-\u00e1 revisitar a faixa de consentimento de cookies e alterar as suas prefer\u00eancias ou retirar o seu consentimento de imediato.<\/p>\n<p>Para al\u00e9m disso, diferentes navegadores fornecem diferentes m\u00e9todos para bloquear e eliminar os cookies utilizados pelos s\u00edtios Web. Pode alterar as defini\u00e7\u00f5es do seu navegador para bloquear\/eliminar os cookies. Seguem-se as liga\u00e7\u00f5es para os documentos de apoio sobre como gerir e eliminar cookies dos principais navegadores Web.<\/p>\n<p>Chrome: <a href=\"https:\/\/support.google.com\/accounts\/answer\/32050\" target=\"_blank\" rel=\"noopener\">https:\/\/support.google.com\/accounts\/answer\/32050<\/a><\/p>\n<p>Safari: <a href=\"https:\/\/support.apple.com\/pt-pt\/guide\/safari\/sfri11471\/mac\" target=\"_blank\" rel=\"noopener\">https:\/\/support.apple.com\/pt-pt\/guide\/safari\/sfri11471\/mac<\/a><\/p>\n<p>Firefox: <a href=\"https:\/\/support.mozilla.org\/pt-PT\/kb\/limpar-cookies-e-dados-de-site-no-firefox?redirectslug=delete-cookies-remove-info-websites-stored&amp;redirectlocale=pt-pt\" target=\"_blank\" rel=\"noopener\">https:\/\/support.mozilla.org\/pt-PT\/kb\/limpar-cookies-e-dados-de-site-no-firefox?redirectslug=delete-cookies-remove-info-websites-stored&amp;redirectlocale=pt-pt<\/a><\/p>\n<p>Internet Explorer: <a href=\"https:\/\/support.microsoft.com\/pt-pt\/topic\/como-eliminar-ficheiros-de-cookies-no-internet-explorer-bca9446f-d873-78de-77ba-d42645fa52fc\" target=\"_blank\" rel=\"noopener\">https:\/\/support.microsoft.com\/pt-pt\/topic\/como-eliminar-ficheiros-de-cookies-no-internet-explorer-bca9446f-d873-78de-77ba-d42645fa52fc<\/a><\/p>\n<p>Se estiver a utilizar qualquer outro navegador Web, consulte os documentos de apoio oficiais do seu navegador.<\/p>\n<\/div>\n<p>\u00a0<\/p>\n<p class=\"cookie-policy-p\">Cookie Policy Generated By <a href=\"https:\/\/www.cookieyes.com\/?utm_source=CP&amp;utm_medium=footer&amp;utm_campaign=UW\" target=\"_blank\" rel=\"noopener\">CookieYes &#8211; Cookie Policy Generator<\/a>.<\/p>\n<\/div><\/div><\/div><\/div><\/div><\/div><\/section>\n","protected":false},"excerpt":{"rendered":"","protected":false},"author":1,"featured_media":0,"parent":0,"menu_order":0,"comment_status":"closed","ping_status":"closed","template":"","meta":{"rank_math_lock_modified_date":false,"footnotes":""},"class_list":["post-150","page","type-page","status-publish","hentry"],"_links":{"self":[{"href":"https:\/\/montedasruivinhas.com\/index.php\/wp-json\/wp\/v2\/pages\/150","targetHints":{"allow":["GET"]}}],"collection":[{"href":"https:\/\/montedasruivinhas.com\/index.php\/wp-json\/wp\/v2\/pages"}],"about":[{"href":"https:\/\/montedasruivinhas.com\/index.php\/wp-json\/wp\/v2\/types\/page"}],"author":[{"embeddable":true,"href":"https:\/\/montedasruivinhas.com\/index.php\/wp-json\/wp\/v2\/users\/1"}],"replies":[{"embeddable":true,"href":"https:\/\/montedasruivinhas.com\/index.php\/wp-json\/wp\/v2\/comments?post=150"}],"version-history":[{"count":8,"href":"https:\/\/montedasruivinhas.com\/index.php\/wp-json\/wp\/v2\/pages\/150\/revisions"}],"predecessor-version":[{"id":165,"href":"https:\/\/montedasruivinhas.com\/index.php\/wp-json\/wp\/v2\/pages\/150\/revisions\/165"}],"wp:attachment":[{"href":"https:\/\/montedasruivinhas.com\/index.php\/wp-json\/wp\/v2\/media?parent=150"}],"curies":[{"name":"wp","href":"https:\/\/api.w.org\/{rel}","templated":true}]}}